{"id":585,"date":"2024-02-23T11:36:28","date_gmt":"2024-02-23T10:36:28","guid":{"rendered":"https:\/\/www.tedom-engines.com\/vyroba-stacionarnich-motoru\/"},"modified":"2024-12-12T09:37:24","modified_gmt":"2024-12-12T08:37:24","slug":"manufacture-of-stationary-engines","status":"publish","type":"page","link":"https:\/\/www.tedom-engines.com\/en\/manufacture-of-stationary-engines\/","title":{"rendered":"Manufacture of stationary engines"},"content":{"rendered":"","protected":false},"excerpt":{"rendered":"","protected":false},"author":1,"featured_media":0,"parent":0,"menu_order":11,"comment_status":"closed","ping_status":"closed","template":"templates\/stacionarni-motory.php","meta":{"inline_featured_image":false,"footnotes":""},"class_list":["post-585","page","type-page","status-publish","hentry"],"acf":[],"yoast_head":"<!-- This site is optimized with the Yoast SEO Premium plugin v24.6 (Yoast SEO v24.6) - https:\/\/yoast.com\/wordpress\/plugins\/seo\/ -->\n<title>Manufacture of stationary engines - TEDOM Engines<\/title>\n<meta name=\"robots\" content=\"index, follow, max-snippet:-1, max-image-preview:large, max-video-preview:-1\" \/>\n<link rel=\"canonical\" href=\"https:\/\/www.tedom-engines.com\/en\/manufacture-of-stationary-engines\/\" \/>\n<meta property=\"og:locale\" content=\"en_US\" \/>\n<meta property=\"og:type\" content=\"article\" \/>\n<meta property=\"og:title\" content=\"Manufacture of stationary engines\" \/>\n<meta property=\"og:url\" content=\"https:\/\/www.tedom-engines.com\/en\/manufacture-of-stationary-engines\/\" \/>\n<meta property=\"og:site_name\" content=\"TEDOM Engines\" \/>\n<meta property=\"article:modified_time\" content=\"2024-12-12T08:37:24+00:00\" \/>\n<meta name=\"twitter:card\" content=\"summary_large_image\" \/>\n<script type=\"application\/ld+json\" class=\"yoast-schema-graph\">{\"@context\":\"https:\/\/schema.org\",\"@graph\":[{\"@type\":\"WebPage\",\"@id\":\"https:\/\/www.tedom-engines.com\/en\/manufacture-of-stationary-engines\/\",\"url\":\"https:\/\/www.tedom-engines.com\/en\/manufacture-of-stationary-engines\/\",\"name\":\"Manufacture of stationary engines - TEDOM Engines\",\"isPartOf\":{\"@id\":\"https:\/\/www.tedom-engines.com\/en\/#website\"},\"datePublished\":\"2024-02-23T10:36:28+00:00\",\"dateModified\":\"2024-12-12T08:37:24+00:00\",\"breadcrumb\":{\"@id\":\"https:\/\/www.tedom-engines.com\/en\/manufacture-of-stationary-engines\/#breadcrumb\"},\"inLanguage\":\"en-US\",\"potentialAction\":[{\"@type\":\"ReadAction\",\"target\":[\"https:\/\/www.tedom-engines.com\/en\/manufacture-of-stationary-engines\/\"]}]},{\"@type\":\"BreadcrumbList\",\"@id\":\"https:\/\/www.tedom-engines.com\/en\/manufacture-of-stationary-engines\/#breadcrumb\",\"itemListElement\":[{\"@type\":\"ListItem\",\"position\":1,\"name\":\"Dom\u016f\",\"item\":\"https:\/\/www.tedom-engines.com\/en\/\"},{\"@type\":\"ListItem\",\"position\":2,\"name\":\"Manufacture of stationary engines\"}]},{\"@type\":\"WebSite\",\"@id\":\"https:\/\/www.tedom-engines.com\/en\/#website\",\"url\":\"https:\/\/www.tedom-engines.com\/en\/\",\"name\":\"TEDOM Engines\",\"description\":\"Gener\u00e1ln\u00ed opravy motor\u016f, renovace motorov\u00fdch celk\u016f a v\u00fdroba stacion\u00e1rn\u00edch a dr\u00e1\u017en\u00edch motor\u016f\",\"potentialAction\":[{\"@type\":\"SearchAction\",\"target\":{\"@type\":\"EntryPoint\",\"urlTemplate\":\"https:\/\/www.tedom-engines.com\/en\/?s={search_term_string}\"},\"query-input\":{\"@type\":\"PropertyValueSpecification\",\"valueRequired\":true,\"valueName\":\"search_term_string\"}}],\"inLanguage\":\"en-US\"}]}<\/script>\n<!-- \/ Yoast SEO Premium plugin. -->","yoast_head_json":{"title":"Manufacture of stationary engines - TEDOM Engines","robots":{"index":"index","follow":"follow","max-snippet":"max-snippet:-1","max-image-preview":"max-image-preview:large","max-video-preview":"max-video-preview:-1"},"canonical":"https:\/\/www.tedom-engines.com\/en\/manufacture-of-stationary-engines\/","og_locale":"en_US","og_type":"article","og_title":"Manufacture of stationary engines","og_url":"https:\/\/www.tedom-engines.com\/en\/manufacture-of-stationary-engines\/","og_site_name":"TEDOM Engines","article_modified_time":"2024-12-12T08:37:24+00:00","twitter_card":"summary_large_image","schema":{"@context":"https:\/\/schema.org","@graph":[{"@type":"WebPage","@id":"https:\/\/www.tedom-engines.com\/en\/manufacture-of-stationary-engines\/","url":"https:\/\/www.tedom-engines.com\/en\/manufacture-of-stationary-engines\/","name":"Manufacture of stationary engines - TEDOM Engines","isPartOf":{"@id":"https:\/\/www.tedom-engines.com\/en\/#website"},"datePublished":"2024-02-23T10:36:28+00:00","dateModified":"2024-12-12T08:37:24+00:00","breadcrumb":{"@id":"https:\/\/www.tedom-engines.com\/en\/manufacture-of-stationary-engines\/#breadcrumb"},"inLanguage":"en-US","potentialAction":[{"@type":"ReadAction","target":["https:\/\/www.tedom-engines.com\/en\/manufacture-of-stationary-engines\/"]}]},{"@type":"BreadcrumbList","@id":"https:\/\/www.tedom-engines.com\/en\/manufacture-of-stationary-engines\/#breadcrumb","itemListElement":[{"@type":"ListItem","position":1,"name":"Dom\u016f","item":"https:\/\/www.tedom-engines.com\/en\/"},{"@type":"ListItem","position":2,"name":"Manufacture of stationary engines"}]},{"@type":"WebSite","@id":"https:\/\/www.tedom-engines.com\/en\/#website","url":"https:\/\/www.tedom-engines.com\/en\/","name":"TEDOM Engines","description":"Gener\u00e1ln\u00ed opravy motor\u016f, renovace motorov\u00fdch celk\u016f a v\u00fdroba stacion\u00e1rn\u00edch a dr\u00e1\u017en\u00edch motor\u016f","potentialAction":[{"@type":"SearchAction","target":{"@type":"EntryPoint","urlTemplate":"https:\/\/www.tedom-engines.com\/en\/?s={search_term_string}"},"query-input":{"@type":"PropertyValueSpecification","valueRequired":true,"valueName":"search_term_string"}}],"inLanguage":"en-US"}]}},"_links":{"self":[{"href":"https:\/\/www.tedom-engines.com\/en\/wp-json\/wp\/v2\/pages\/585"}],"collection":[{"href":"https:\/\/www.tedom-engines.com\/en\/wp-json\/wp\/v2\/pages"}],"about":[{"href":"https:\/\/www.tedom-engines.com\/en\/wp-json\/wp\/v2\/types\/page"}],"author":[{"embeddable":true,"href":"https:\/\/www.tedom-engines.com\/en\/wp-json\/wp\/v2\/users\/1"}],"replies":[{"embeddable":true,"href":"https:\/\/www.tedom-engines.com\/en\/wp-json\/wp\/v2\/comments?post=585"}],"version-history":[{"count":12,"href":"https:\/\/www.tedom-engines.com\/en\/wp-json\/wp\/v2\/pages\/585\/revisions"}],"predecessor-version":[{"id":1324,"href":"https:\/\/www.tedom-engines.com\/en\/wp-json\/wp\/v2\/pages\/585\/revisions\/1324"}],"wp:attachment":[{"href":"https:\/\/www.tedom-engines.com\/en\/wp-json\/wp\/v2\/media?parent=585"}],"curies":[{"name":"wp","href":"https:\/\/api.w.org\/{rel}","templated":true}]}}