{"id":1141,"date":"2024-02-23T13:34:11","date_gmt":"2024-02-23T12:34:11","guid":{"rendered":"https:\/\/www.tedom-engines.com\/servis-motoru-tedom-a-liaz\/"},"modified":"2024-05-02T07:07:51","modified_gmt":"2024-05-02T05:07:51","slug":"service-fuer-motoren-tedom-und-liaz","status":"publish","type":"page","link":"https:\/\/www.tedom-engines.com\/de\/service-fuer-motoren-tedom-und-liaz\/","title":{"rendered":"Service f\u00fcr Motoren TEDOM und LIAZ"},"content":{"rendered":"","protected":false},"excerpt":{"rendered":"","protected":false},"author":1,"featured_media":0,"parent":0,"menu_order":8,"comment_status":"closed","ping_status":"closed","template":"templates\/servis-motoru.php","meta":{"inline_featured_image":false,"footnotes":""},"class_list":["post-1141","page","type-page","status-publish","hentry"],"acf":[],"yoast_head":"<!-- This site is optimized with the Yoast SEO Premium plugin v24.6 (Yoast SEO v24.6) - https:\/\/yoast.com\/wordpress\/plugins\/seo\/ -->\n<title>Service f\u00fcr Motoren TEDOM und LIAZ - TEDOM Engines<\/title>\n<meta name=\"robots\" content=\"index, follow, max-snippet:-1, max-image-preview:large, max-video-preview:-1\" \/>\n<link rel=\"canonical\" href=\"https:\/\/www.tedom-engines.com\/de\/service-fuer-motoren-tedom-und-liaz\/\" \/>\n<meta property=\"og:locale\" content=\"de_DE\" \/>\n<meta property=\"og:type\" content=\"article\" \/>\n<meta property=\"og:title\" content=\"Service f\u00fcr Motoren TEDOM und LIAZ\" \/>\n<meta property=\"og:url\" content=\"https:\/\/www.tedom-engines.com\/de\/service-fuer-motoren-tedom-und-liaz\/\" \/>\n<meta property=\"og:site_name\" content=\"TEDOM Engines\" \/>\n<meta property=\"article:modified_time\" content=\"2024-05-02T05:07:51+00:00\" \/>\n<meta name=\"twitter:card\" content=\"summary_large_image\" \/>\n<script type=\"application\/ld+json\" class=\"yoast-schema-graph\">{\"@context\":\"https:\/\/schema.org\",\"@graph\":[{\"@type\":\"WebPage\",\"@id\":\"https:\/\/www.tedom-engines.com\/de\/service-fuer-motoren-tedom-und-liaz\/\",\"url\":\"https:\/\/www.tedom-engines.com\/de\/service-fuer-motoren-tedom-und-liaz\/\",\"name\":\"Service f\u00fcr Motoren TEDOM und LIAZ - TEDOM Engines\",\"isPartOf\":{\"@id\":\"https:\/\/www.tedom-engines.com\/de\/#website\"},\"datePublished\":\"2024-02-23T12:34:11+00:00\",\"dateModified\":\"2024-05-02T05:07:51+00:00\",\"breadcrumb\":{\"@id\":\"https:\/\/www.tedom-engines.com\/de\/service-fuer-motoren-tedom-und-liaz\/#breadcrumb\"},\"inLanguage\":\"de\",\"potentialAction\":[{\"@type\":\"ReadAction\",\"target\":[\"https:\/\/www.tedom-engines.com\/de\/service-fuer-motoren-tedom-und-liaz\/\"]}]},{\"@type\":\"BreadcrumbList\",\"@id\":\"https:\/\/www.tedom-engines.com\/de\/service-fuer-motoren-tedom-und-liaz\/#breadcrumb\",\"itemListElement\":[{\"@type\":\"ListItem\",\"position\":1,\"name\":\"Dom\u016f\",\"item\":\"https:\/\/www.tedom-engines.com\/de\/\"},{\"@type\":\"ListItem\",\"position\":2,\"name\":\"Service f\u00fcr Motoren TEDOM und LIAZ\"}]},{\"@type\":\"WebSite\",\"@id\":\"https:\/\/www.tedom-engines.com\/de\/#website\",\"url\":\"https:\/\/www.tedom-engines.com\/de\/\",\"name\":\"TEDOM Engines\",\"description\":\"Gener\u00e1ln\u00ed opravy motor\u016f, renovace motorov\u00fdch celk\u016f a v\u00fdroba stacion\u00e1rn\u00edch a dr\u00e1\u017en\u00edch motor\u016f\",\"potentialAction\":[{\"@type\":\"SearchAction\",\"target\":{\"@type\":\"EntryPoint\",\"urlTemplate\":\"https:\/\/www.tedom-engines.com\/de\/?s={search_term_string}\"},\"query-input\":{\"@type\":\"PropertyValueSpecification\",\"valueRequired\":true,\"valueName\":\"search_term_string\"}}],\"inLanguage\":\"de\"}]}<\/script>\n<!-- \/ Yoast SEO Premium plugin. -->","yoast_head_json":{"title":"Service f\u00fcr Motoren TEDOM und LIAZ - TEDOM Engines","robots":{"index":"index","follow":"follow","max-snippet":"max-snippet:-1","max-image-preview":"max-image-preview:large","max-video-preview":"max-video-preview:-1"},"canonical":"https:\/\/www.tedom-engines.com\/de\/service-fuer-motoren-tedom-und-liaz\/","og_locale":"de_DE","og_type":"article","og_title":"Service f\u00fcr Motoren TEDOM und LIAZ","og_url":"https:\/\/www.tedom-engines.com\/de\/service-fuer-motoren-tedom-und-liaz\/","og_site_name":"TEDOM Engines","article_modified_time":"2024-05-02T05:07:51+00:00","twitter_card":"summary_large_image","schema":{"@context":"https:\/\/schema.org","@graph":[{"@type":"WebPage","@id":"https:\/\/www.tedom-engines.com\/de\/service-fuer-motoren-tedom-und-liaz\/","url":"https:\/\/www.tedom-engines.com\/de\/service-fuer-motoren-tedom-und-liaz\/","name":"Service f\u00fcr Motoren TEDOM und LIAZ - TEDOM Engines","isPartOf":{"@id":"https:\/\/www.tedom-engines.com\/de\/#website"},"datePublished":"2024-02-23T12:34:11+00:00","dateModified":"2024-05-02T05:07:51+00:00","breadcrumb":{"@id":"https:\/\/www.tedom-engines.com\/de\/service-fuer-motoren-tedom-und-liaz\/#breadcrumb"},"inLanguage":"de","potentialAction":[{"@type":"ReadAction","target":["https:\/\/www.tedom-engines.com\/de\/service-fuer-motoren-tedom-und-liaz\/"]}]},{"@type":"BreadcrumbList","@id":"https:\/\/www.tedom-engines.com\/de\/service-fuer-motoren-tedom-und-liaz\/#breadcrumb","itemListElement":[{"@type":"ListItem","position":1,"name":"Dom\u016f","item":"https:\/\/www.tedom-engines.com\/de\/"},{"@type":"ListItem","position":2,"name":"Service f\u00fcr Motoren TEDOM und LIAZ"}]},{"@type":"WebSite","@id":"https:\/\/www.tedom-engines.com\/de\/#website","url":"https:\/\/www.tedom-engines.com\/de\/","name":"TEDOM Engines","description":"Gener\u00e1ln\u00ed opravy motor\u016f, renovace motorov\u00fdch celk\u016f a v\u00fdroba stacion\u00e1rn\u00edch a dr\u00e1\u017en\u00edch motor\u016f","potentialAction":[{"@type":"SearchAction","target":{"@type":"EntryPoint","urlTemplate":"https:\/\/www.tedom-engines.com\/de\/?s={search_term_string}"},"query-input":{"@type":"PropertyValueSpecification","valueRequired":true,"valueName":"search_term_string"}}],"inLanguage":"de"}]}},"_links":{"self":[{"href":"https:\/\/www.tedom-engines.com\/de\/wp-json\/wp\/v2\/pages\/1141"}],"collection":[{"href":"https:\/\/www.tedom-engines.com\/de\/wp-json\/wp\/v2\/pages"}],"about":[{"href":"https:\/\/www.tedom-engines.com\/de\/wp-json\/wp\/v2\/types\/page"}],"author":[{"embeddable":true,"href":"https:\/\/www.tedom-engines.com\/de\/wp-json\/wp\/v2\/users\/1"}],"replies":[{"embeddable":true,"href":"https:\/\/www.tedom-engines.com\/de\/wp-json\/wp\/v2\/comments?post=1141"}],"version-history":[{"count":17,"href":"https:\/\/www.tedom-engines.com\/de\/wp-json\/wp\/v2\/pages\/1141\/revisions"}],"predecessor-version":[{"id":1273,"href":"https:\/\/www.tedom-engines.com\/de\/wp-json\/wp\/v2\/pages\/1141\/revisions\/1273"}],"wp:attachment":[{"href":"https:\/\/www.tedom-engines.com\/de\/wp-json\/wp\/v2\/media?parent=1141"}],"curies":[{"name":"wp","href":"https:\/\/api.w.org\/{rel}","templated":true}]}}